{"id":6682,"date":"2023-02-24T06:39:45","date_gmt":"2023-02-24T06:39:45","guid":{"rendered":"https:\/\/2u.chat\/?page_id=6682"},"modified":"2023-08-07T17:42:35","modified_gmt":"2023-08-07T17:42:35","slug":"faq","status":"publish","type":"page","link":"https:\/\/2u.chat\/es\/preguntas-frecuentes\/","title":{"rendered":"Preguntas frecuentes"},"content":{"rendered":"<h3>Inducci\u00f3n<\/h3>\n<p><button type=\"button\" data-bs-toggle=\"collapse\" data-bs-target=\"#collapse-1991\" aria-expanded=\"true\" aria-controls=\"collapse-1991\"><br \/>\n\u00bfQu\u00e9 es 2U.Chat?\t\t\t\t\t<\/button><\/p>\n<p>2U.Chat es la s\u00faper aplicaci\u00f3n, la aplicaci\u00f3n de mensajer\u00eda todo en uno que revoluciona la forma en que te comunicas globalmente. Nuestra innovadora aplicaci\u00f3n cuenta con traducci\u00f3n de IA en vivo de texto y voz incorporada, lo que facilita tener conversaciones con cualquier persona, en cualquier parte del mundo. Mant\u00e9ngase informado con nuestro agregador de noticias incorporado y gane criptograf\u00eda con solo usar la aplicaci\u00f3n. Con la billetera criptogr\u00e1fica y el intercambio integrados, la aplicaci\u00f3n le permite administrar sus activos digitales mientras viaja. \u00a1\u00danase a nosotros ahora y experimente el futuro de la mensajer\u00eda!<\/p>\n<p><button type=\"button\" data-bs-toggle=\"collapse\" data-bs-target=\"#collapse-1992\" aria-expanded=\"false\" aria-controls=\"collapse-1992\"><br \/>\n\u00bfQu\u00e9 diferencia a 2U.Chat de cualquier otro mensajero?\t\t\t\t\t<\/button><\/p>\n<p>2U.Chat es \u00fanico en varios aspectos:<\/p>\n<p><strong>Traducci\u00f3n de IA en vivo<\/strong>: Ofrece traducci\u00f3n en vivo de mensajes y videollamadas, lo que facilita que las personas que hablan diferentes idiomas se comuniquen entre s\u00ed.<\/p>\n<p><strong>Agregador de noticias<\/strong>: Tiene un agregador de noticias integrado con inteligencia artificial que brinda a los usuarios las \u00faltimas noticias e informaci\u00f3n seg\u00fan sus intereses.<\/p>\n<p><strong>Ganancia de fichas<\/strong>: The app also allows users to earn tokens by using the app, which can be spent on the platform or withdrawn into any fiat currency. Each 2U user has an equal opportunity to profit from the 2U platform. But an earlier accession to us means more easily establishing your own business circle to get more dividends from 2U\u2019s rapid growth.<\/p>\n<p><strong>Monedero e intercambio criptogr\u00e1fico integrado<\/strong>: La aplicaci\u00f3n tiene una billetera e intercambio criptogr\u00e1fico integrado, lo que facilita a los usuarios administrar sus criptomonedas e intercambiarlas.<\/p>\n<p><button type=\"button\" data-bs-toggle=\"collapse\" data-bs-target=\"#collapse-1993\" aria-expanded=\"false\" aria-controls=\"collapse-1993\"><br \/>\n\u00bfCu\u00e1l es la visi\u00f3n de 2U.Chat?\t\t\t\t\t<\/button><\/p>\n<p>La visi\u00f3n de 2U.Chat es crear una herramienta de servicio empresarial masivo que desnaturalice las ganancias y cree una plataforma de servicio empresarial para que las personas compartan la riqueza, abogando por la apertura, la equidad, el intercambio y la colaboraci\u00f3n a gran escala.<\/p>\n<p><button type=\"button\" data-bs-toggle=\"collapse\" data-bs-target=\"#collapse-1994\" aria-expanded=\"false\" aria-controls=\"collapse-1994\"><br \/>\n\u00bfC\u00f3mo descargar e instalar 2U.Chat?\t\t\t\t\t<\/button><\/p>\n<p>You can download 2U.Chat directly from the official website, the Apple Store, Google Play Market, or major application markets by searching for \u201c2U\u201d.<\/p>\n<p><button type=\"button\" data-bs-toggle=\"collapse\" data-bs-target=\"#collapse-1995\" aria-expanded=\"false\" aria-controls=\"collapse-1995\"><br \/>\n\u00bfC\u00f3mo registrarse como miembro de 2U?\t\t\t\t\t<\/button><\/p>\n<p>Puede registrarse como miembro de 2U vinculando su n\u00famero de tel\u00e9fono m\u00f3vil, correo electr\u00f3nico o identificaci\u00f3n de terceros (Google, Facebook o WeChat) a trav\u00e9s de la aplicaci\u00f3n 2U. Tambi\u00e9n puede registrarse directamente a trav\u00e9s de una p\u00e1gina de registro de 2U compartida por otros.<\/p>\n<p><button type=\"button\" data-bs-toggle=\"collapse\" data-bs-target=\"#collapse-1996\" aria-expanded=\"false\" aria-controls=\"collapse-1996\"><br \/>\n\u00bfQu\u00e9 es un n\u00famero 2U? \t\t\t\t\t<\/button><\/p>\n<p>A 2U number is a unique ID on the 2U platform consisting of 11 numbers starting with \u201c211\u201d that is assigned to you after registration. It is used for any 2U application, such as shopping, booking air tickets and hotels, sending and receiving 2U emails, and even future 2U bank accounts.<\/p>\n<p><button type=\"button\" data-bs-toggle=\"collapse\" data-bs-target=\"#collapse-1997\" aria-expanded=\"false\" aria-controls=\"collapse-1997\"><br \/>\n\u00bfC\u00f3mo encuentro y agrego amigos en 2U Chat?\t\t\t\t\t<\/button><\/p>\n<p>You can find and add friends in 2U Chat by searching for their name or phone number, or by scanning their QR code. Once they\u2019ve accepted your friend request, you can start messaging them.<\/p>\n<p><button type=\"button\" data-bs-toggle=\"collapse\" data-bs-target=\"#collapse-1998\" aria-expanded=\"false\" aria-controls=\"collapse-1998\"><br \/>\n\u00bfC\u00f3mo compartir 2U.Chat e invitar a otros?\t\t\t\t\t<\/button><\/p>\n<p>You can share 2U.Chat and invite others by clicking the \u201cShare\u201d button on the app\u2019s home page and sharing a registration page with your own invitation code through various means, such as text messages, pictures, QR codes, links, etc.<\/p>\n<p><button type=\"button\" data-bs-toggle=\"collapse\" data-bs-target=\"#collapse-1999\" aria-expanded=\"false\" aria-controls=\"collapse-1999\"><br \/>\n\u00bfEs gratis usar 2U.Chat?\t\t\t\t\t<\/button><\/p>\n<p>S\u00ed, usar 2U.Chat es completamente gratis, adem\u00e1s, puedes ganar dinero simplemente usando la aplicaci\u00f3n todos los d\u00edas.<\/p>\n<h3>Ganancias<\/h3>\n<p><button type=\"button\" data-bs-toggle=\"collapse\" data-bs-target=\"#collapse-1751\" aria-expanded=\"true\" aria-controls=\"collapse-1751\"><br \/>\n\u00bfC\u00f3mo puedo ganar usando 2U.Chat?\t\t\t\t\t<\/button><\/p>\n<p>Todos los usuarios de 2U pueden obtener ingresos similares a los de abrir una tienda en l\u00ednea o mucho m\u00e1s con un clic, pero no hay necesidad de capitales, una tienda f\u00edsica o promoci\u00f3n de bienes, porque la plataforma contiene el contenido de ganancia real de bienes y la contenido de la gesti\u00f3n financiera moderna.<\/p>\n<p><button type=\"button\" data-bs-toggle=\"collapse\" data-bs-target=\"#collapse-1752\" aria-expanded=\"false\" aria-controls=\"collapse-1752\"><br \/>\n\u00bfQu\u00e9 son los Puntos 2U?\t\t\t\t\t<\/button><\/p>\n<p>Los puntos 2U son recompensas proporcionadas por la plataforma 2U a los usuarios que participan en el intercambio de 2U.Chat, lo usan activamente y participan en promociones y otras actividades.<\/p>\n<p><button type=\"button\" data-bs-toggle=\"collapse\" data-bs-target=\"#collapse-1753\" aria-expanded=\"false\" aria-controls=\"collapse-1753\"><br \/>\n\u00bfQu\u00e9 hacen los puntos 2U?\t\t\t\t\t<\/button><\/p>\n<p>Los Puntos 2U se pueden usar para varios prop\u00f3sitos, como descuentos en compras o compensar directamente el pago de bienes en 2U Mall, o cambiar por Tokens 2U que se pueden retirar en la moneda que desee.<\/p>\n<p><button type=\"button\" data-bs-toggle=\"collapse\" data-bs-target=\"#collapse-1754\" aria-expanded=\"false\" aria-controls=\"collapse-1754\"><br \/>\n\u00bfC\u00f3mo obtengo puntos 2U?\t\t\t\t\t<\/button><\/p>\n<ol>\n<li>Inviting new users to join the 2U platform (earning 0.4 2U points for each invited user) \u2013 the total quota for this is 1.92 billion 2U point).<\/li>\n<li>Invitar a otros a unirse a 2U (0,4 puntos 2U por cada usuario invitado).<\/li>\n<li>Invitees inviting others to become 2U users (earning 0.08 2U points for each person invited) \u2013 a total of 1.08 billion 2U points are available.<\/li>\n<li>Recibir recompensas diarias de 0,005 puntos 2U durante 300 d\u00edas consecutivos, con la cantidad duplicada (cantidad total x2) durante 500 d\u00edas consecutivos y duplicada nuevamente (cantidad total x2x2) durante 900 d\u00edas consecutivos.<\/li>\n<li>Obtenci\u00f3n de puntos 2U al utilizar aplicaciones y servicios relacionados con 2U.<\/li>\n<li>Ganar la loteria.<\/li>\n<li>Recibir recompensas por participar en iniciativas ben\u00e9ficas, de promoci\u00f3n de la paz y respetuosas con el medio ambiente.<\/li>\n<li>Ser recompensado con puntos 2U como equipo central o personal de marketing que ha realizado contribuciones significativas a 2U.<\/li>\n<\/ol>\n<p>Los puntos 2U se pueden cambiar por monedas U2U en una proporci\u00f3n de 1:1, y este intercambio es irreversible.<\/p>\n<p><button type=\"button\" data-bs-toggle=\"collapse\" data-bs-target=\"#collapse-1755\" aria-expanded=\"false\" aria-controls=\"collapse-1755\"><br \/>\n\u00bfSe pueden regalar o intercambiar puntos 2U a amigos?\t\t\t\t\t<\/button><\/p>\n<p>Actualmente, los Puntos 2U no se pueden transferir ni intercambiar.<\/p>\n<p><button type=\"button\" data-bs-toggle=\"collapse\" data-bs-target=\"#collapse-1756\" aria-expanded=\"false\" aria-controls=\"collapse-1756\"><br \/>\n\u00bfQu\u00e9 es el token U2U?\t\t\t\t\t<\/button><\/p>\n<p>U2U Token es un activo digital que se puede intercambiar libremente en intercambios acreditados. A medida que la plataforma U2U aumenta su base de usuarios y asociaciones comerciales, los titulares de tokens U2U pueden esperar recibir varios beneficios a medida que la plataforma implementa sus servicios. Adem\u00e1s, la plataforma tiene la intenci\u00f3n de colaborar con las entidades STO para permitir el intercambio de tokens, lo que se espera que aumente el valor del token U2U.<\/p>\n<p><button type=\"button\" data-bs-toggle=\"collapse\" data-bs-target=\"#collapse-1757\" aria-expanded=\"false\" aria-controls=\"collapse-1757\"><br \/>\n\u00bfEs posible convertir Puntos 2U en efectivo?\t\t\t\t\t<\/button><\/p>\n<p>S\u00ed, las monedas 2U se pueden convertir en efectivo despu\u00e9s de que se hayan incluido en un mercado comercial. La ganancia obtenida por los usuarios de 2U se muestra en forma de Puntos 2U en su secci\u00f3n de Activos. Estas monedas se pueden usar para comprar bienes y servicios en el 2U Mall y se pueden cambiar por dinero en efectivo una vez que est\u00e9n disponibles en un mercado comercial.<\/p>\n<h3>Seguridad<\/h3>\n<p><button type=\"button\" data-bs-toggle=\"collapse\" data-bs-target=\"#collapse-2491\" aria-expanded=\"true\" aria-controls=\"collapse-2491\"><br \/>\n\u00bfQu\u00e9 tan seguros son los datos en 2U.Chat?\t\t\t\t\t<\/button><\/p>\n<p>S\u00ed, 2U.Chat est\u00e1 dise\u00f1ado pensando en la seguridad y utiliza tecnolog\u00edas de encriptaci\u00f3n de \u00faltima generaci\u00f3n para proteger los datos y las comunicaciones del usuario. La aplicaci\u00f3n se somete a auditor\u00edas de seguridad regulares para garantizar la seguridad y privacidad de los datos del usuario.<\/p>\n<p><button type=\"button\" data-bs-toggle=\"collapse\" data-bs-target=\"#collapse-2492\" aria-expanded=\"false\" aria-controls=\"collapse-2492\"><br \/>\n\u00bfC\u00f3mo se protege mi informaci\u00f3n personal en el 2U.Chat?\t\t\t\t\t<\/button><\/p>\n<p>El 2U.Chat encripta todos los datos del usuario, incluida la informaci\u00f3n personal, en tr\u00e1nsito y en reposo. La aplicaci\u00f3n tambi\u00e9n emplea medidas de seguridad avanzadas para proteger los datos del usuario contra el acceso no autorizado, el robo o la p\u00e9rdida.<\/p>\n<p><button type=\"button\" data-bs-toggle=\"collapse\" data-bs-target=\"#collapse-2493\" aria-expanded=\"false\" aria-controls=\"collapse-2493\"><br \/>\n\u00bfEl 2U.Chat comparte mis datos con terceros?\t\t\t\t\t<\/button><\/p>\n<p>No, la aplicaci\u00f3n 2U.Chat no comparte datos del usuario con terceros sin el consentimiento expl\u00edcito del usuario. Cualquier intercambio de datos de usuario con terceros se realiza de acuerdo con las leyes y reglamentos aplicables.<\/p>\n<p><button type=\"button\" data-bs-toggle=\"collapse\" data-bs-target=\"#collapse-2494\" aria-expanded=\"false\" aria-controls=\"collapse-2494\"><br \/>\n\u00bfQu\u00e9 medidas tiene 2U.Chat para evitar la pirater\u00eda o el acceso no autorizado a los datos del usuario?\t\t\t\t\t<\/button><\/p>\n<p>La aplicaci\u00f3n de chat 2U emplea una serie de medidas de seguridad para evitar la pirater\u00eda y el acceso no autorizado a los datos del usuario, incluido el cifrado y las auditor\u00edas de seguridad peri\u00f3dicas. La aplicaci\u00f3n tambi\u00e9n alienta a los usuarios a adoptar las mejores pr\u00e1cticas para la seguridad de las contrase\u00f1as para proteger a\u00fan m\u00e1s sus datos.<\/p>\n<p><button type=\"button\" data-bs-toggle=\"collapse\" data-bs-target=\"#collapse-2495\" aria-expanded=\"false\" aria-controls=\"collapse-2495\"><br \/>\n\u00bfPuedo eliminar mi informaci\u00f3n personal de la aplicaci\u00f3n 2U Chat?\t\t\t\t\t<\/button><\/p>\n<p>Yes, you can delete your 2U Chat account by going to the app\u2019s settings and selecting the \u201cDelete Account\u201d option. Once your account is deleted, all of your data will be permanently removed from the app.<\/p>\n<h3>Caracter\u00edsticas<\/h3>\n<p><button type=\"button\" data-bs-toggle=\"collapse\" data-bs-target=\"#collapse-2711\" aria-expanded=\"true\" aria-controls=\"collapse-2711\"><br \/>\n\u00bfC\u00f3mo puedo usar la funci\u00f3n de traducci\u00f3n instant\u00e1nea?\t\t\t\t\t<\/button><\/p>\n<p>En la sesi\u00f3n de chat, puede usar la funci\u00f3n de traducci\u00f3n instant\u00e1nea haciendo clic en el \u00edcono de traducci\u00f3n en la esquina superior derecha y configurando el m\u00e9todo, el idioma de destino y las opciones de visualizaci\u00f3n para la traducci\u00f3n.<\/p>\n<p>Aparte de eso, puede habilitar un traductor de llamadas de voz, que convertir\u00e1 su voz al idioma del destinatario de la llamada.<\/p>\n<p><button type=\"button\" data-bs-toggle=\"collapse\" data-bs-target=\"#collapse-2712\" aria-expanded=\"false\" aria-controls=\"collapse-2712\"><br \/>\n\u00bfC\u00f3mo realizo llamadas de voz y videollamadas? \u00bfEs gratis?\t\t\t\t\t<\/button><\/p>\n<p>Puede realizar llamadas de voz y videollamadas en la sesi\u00f3n de chat utilizando el icono del bot\u00f3n de acceso directo en la parte inferior. Actualmente, este servicio es gratuito.<\/p>\n<p><button type=\"button\" data-bs-toggle=\"collapse\" data-bs-target=\"#collapse-2713\" aria-expanded=\"false\" aria-controls=\"collapse-2713\"><br \/>\n\u00bfQu\u00e9 es el int\u00e9rprete 2U? \u00bfC\u00f3mo usarlo?\t\t\t\t\t<\/button><\/p>\n<p>2U Interpreter es otra de las aplicaciones 2U integradas en 2U.Chat, que se utiliza principalmente para la traducci\u00f3n de voz. Actualmente, 2U Interpreter admite 18 idiomas y se agregar\u00e1n m\u00e1s idiomas en el futuro. Puede encontrar la secci\u00f3n &quot;Explorar&quot; de 2U y usarla directamente.<\/p>\n<h3>Ecosistema<\/h3>\n<p><button type=\"button\" data-bs-toggle=\"collapse\" data-bs-target=\"#collapse-1081\" aria-expanded=\"true\" aria-controls=\"collapse-1081\"><br \/>\n\u00bfQu\u00e9 son las aplicaciones 2U?\t\t\t\t\t<\/button><\/p>\n<p>Las aplicaciones 2U son una gama de aplicaciones m\u00f3viles y tecnol\u00f3gicas que se combinan en el ecosistema de la plataforma 2U. El desarrollo actual incluye 2U.Chat, 2U.Mall, 2U.Headlines, 2U.Interpreter, 2U.Assets, 2U.HealthProducts y Lithium Battery Technology.<\/p>\n<p><button type=\"button\" data-bs-toggle=\"collapse\" data-bs-target=\"#collapse-1082\" aria-expanded=\"false\" aria-controls=\"collapse-1082\"><br \/>\n\u00bfCu\u00e1l es la relaci\u00f3n entre 2U Apps y 2U Chat?\t\t\t\t\t<\/button><\/p>\n<p>2U es una plataforma que promueve la apertura, la equidad, el intercambio y la colaboraci\u00f3n entre humanos. Incluye 36 aplicaciones diferentes, denominadas 2UApps, que sirven a todos los aspectos de la vida y brindan una experiencia perfecta. 2U Chat es parte de 2UApps y es un software de mensajer\u00eda inteligente y rico en funciones con traducci\u00f3n de texto y voz incorporada. Permite a los usuarios crear f\u00e1cilmente su propia plataforma de negocios.<\/p>\n<p><button type=\"button\" data-bs-toggle=\"collapse\" data-bs-target=\"#collapse-1083\" aria-expanded=\"false\" aria-controls=\"collapse-1083\"><br \/>\n\u00bfQu\u00e9 sectores planea cubrir 2U Apps?\t\t\t\t\t<\/button><\/p>\n<p>Adem\u00e1s de 2UChat, 2U Mall, 2U Headlines, 2U Interpreter, 2U Assets, etc. que ya est\u00e1n en l\u00ednea, 2U Apps tiene 36 aplicaciones diferentes que han sido dise\u00f1adas y se lanzar\u00e1n una tras otra en el futuro. Dividido en estas categor\u00edas:<\/p>\n<ul>\n<li>Servicio (como 2U Mall, 2U Recruitment, 2U Travel)<\/li>\n<li>Protecci\u00f3n ambiental (como 2U de salud, 2U m\u00e9dica, 2U de detecci\u00f3n ambiental)<\/li>\n<li>Inteligencia AI (hogar inteligente 2U, carga 2U, IoT 2U)<\/li>\n<li>Informaci\u00f3n (Noticias 2U, Publicidad 2U, P\u00e1gina de inicio personal de 2U)<\/li>\n<li>Oficina (traductor 2U, reuni\u00f3n remota 2U, oficina remota 2U)<\/li>\n<li>Entretenimiento (2U Live Broadcast, 2U Games, 2U Hi Hi)<\/li>\n<li>Financiero (2U Wealth, 2U Bank, 2U Insurance)<\/li>\n<\/ul>\n<p><button type=\"button\" data-bs-toggle=\"collapse\" data-bs-target=\"#collapse-1084\" aria-expanded=\"false\" aria-controls=\"collapse-1084\"><br \/>\n\u00bfPuedo iniciar sesi\u00f3n en cualquier aplicaci\u00f3n en 2U Apps con una cuenta 2U?\t\t\t\t\t<\/button><\/p>\n<p>2U number is your unique ID on the entire 2U platform. It can be used&nbsp;for any 2U application, such as shopping, booking air tickets and hotels, sending and receiving 2U emails, and even future 2U bank accounts.<\/p>\n<p><button type=\"button\" data-bs-toggle=\"collapse\" data-bs-target=\"#collapse-1085\" aria-expanded=\"false\" aria-controls=\"collapse-1085\"><br \/>\n\u00bfMi cuenta 2U es v\u00e1lida para todas las aplicaciones 2U? \t\t\t\t\t<\/button><\/p>\n<p>S\u00ed, su n\u00famero de 2U es una identificaci\u00f3n \u00fanica para toda la plataforma de 2U, lo que le permite usarlo en todas las aplicaciones de 2U, incluidas las compras, la reserva de boletos de avi\u00f3n y hoteles, el env\u00edo y la recepci\u00f3n de correos electr\u00f3nicos de 2U e incluso el acceso a futuras cuentas bancarias de 2U.<\/p>\n<p><button type=\"button\" data-bs-toggle=\"collapse\" data-bs-target=\"#collapse-1086\" aria-expanded=\"false\" aria-controls=\"collapse-1086\"><br \/>\n\u00bfQu\u00e9 son los activos 2U?\t\t\t\t\t<\/button><\/p>\n<p>2U Assets is a feature within the 2U platform that lets you manage your digital assets. This includes 2U points, A2U\/Kubao, growth value, 2U level, human contribution index, and the number of people in your first and second circle. You can access 2U Fortune in the \u201cExplore\u201d section and use it directly. If you are in an on-mainland area and if allowed by your home country\u2019s laws, 2U Assets will also show you information on your U2U, 2UT, current price, and mutual exchange functions.<\/p>\n<p><button type=\"button\" data-bs-toggle=\"collapse\" data-bs-target=\"#collapse-1087\" aria-expanded=\"false\" aria-controls=\"collapse-1087\"><br \/>\n\u00bfQu\u00e9 es 2U Titulares?\t\t\t\t\t<\/button><\/p>\n<p>2U Headlines es una aplicaci\u00f3n de plataforma 2U que ofrece noticias e informaci\u00f3n en tiempo real de todo el mundo y de su \u00e1rea. Puede suscribirse a sus canales favoritos en 2U Headlines o crear sus propios canales multimedia. En el futuro, 2U Headlines ofrecer\u00e1 recompensas y otros incentivos para la creaci\u00f3n de contenido. Se puede encontrar en la secci\u00f3n Explorar 2U y usarse directamente.<\/p>\n<p><button type=\"button\" data-bs-toggle=\"collapse\" data-bs-target=\"#collapse-1088\" aria-expanded=\"false\" aria-controls=\"collapse-1088\"><br \/>\n\u00bfQu\u00e9 es Momentos 2U?\t\t\t\t\t<\/button><\/p>\n<p>2U Moments is a feature within the 2U platform that allows you to share and publish text, pictures, videos, recordings, and even third-party content with 2U users worldwide or with your friends. You can access it in the \u201cExplore\u201d section of the 2U app.<\/p>","protected":false},"excerpt":{"rendered":"<p>Onboarding What is 2U.Chat? 2U.Chat is the super app, all-in-one messaging app that revolutionizes the way you communicate globally. Our innovative app features built-in text and voice live AI translation, making it easy to have conversations with anyone, anywhere in the world. Stay informed with our built-in news aggregator, and earn crypto just by using [&hellip;]<\/p>","protected":false},"author":1,"featured_media":0,"parent":0,"menu_order":0,"comment_status":"closed","ping_status":"closed","template":"","meta":{"_eb_attr":""},"acf":[],"_links":{"self":[{"href":"https:\/\/2u.chat\/es\/wp-json\/wp\/v2\/pages\/6682"}],"collection":[{"href":"https:\/\/2u.chat\/es\/wp-json\/wp\/v2\/pages"}],"about":[{"href":"https:\/\/2u.chat\/es\/wp-json\/wp\/v2\/types\/page"}],"author":[{"embeddable":true,"href":"https:\/\/2u.chat\/es\/wp-json\/wp\/v2\/users\/1"}],"replies":[{"embeddable":true,"href":"https:\/\/2u.chat\/es\/wp-json\/wp\/v2\/comments?post=6682"}],"version-history":[{"count":66,"href":"https:\/\/2u.chat\/es\/wp-json\/wp\/v2\/pages\/6682\/revisions"}],"predecessor-version":[{"id":7085,"href":"https:\/\/2u.chat\/es\/wp-json\/wp\/v2\/pages\/6682\/revisions\/7085"}],"wp:attachment":[{"href":"https:\/\/2u.chat\/es\/wp-json\/wp\/v2\/media?parent=6682"}],"curies":[{"name":"wp","href":"https:\/\/api.w.org\/{rel}","templated":true}]}}