{"id":6682,"date":"2023-02-24T06:39:45","date_gmt":"2023-02-24T06:39:45","guid":{"rendered":"https:\/\/2u.chat\/?page_id=6682"},"modified":"2023-08-07T17:42:35","modified_gmt":"2023-08-07T17:42:35","slug":"faq","status":"publish","type":"page","link":"https:\/\/2u.chat\/tr\/sikca-sorulan-sorular\/","title":{"rendered":"S\u0131k\u00e7a Sorulan Sorular"},"content":{"rendered":"<h3>kat\u0131l\u0131m<\/h3>\n<p><button type=\"button\" data-bs-toggle=\"collapse\" data-bs-target=\"#collapse-1991\" aria-expanded=\"true\" aria-controls=\"collapse-1991\"><br \/>\n2U.Chat nedir?\t\t\t\t\t<\/button><\/p>\n<p>2U.Chat, k\u00fcresel olarak ileti\u015fim kurma \u015feklinizde devrim yaratan s\u00fcper uygulama, hepsi bir arada mesajla\u015fma uygulamas\u0131d\u0131r. Yenilik\u00e7i uygulamam\u0131z, yerle\u015fik metin ve ses canl\u0131 AI \u00e7evirisine sahiptir ve d\u00fcnyan\u0131n herhangi bir yerindeki herhangi biriyle sohbet etmeyi kolayla\u015ft\u0131r\u0131r. Yerle\u015fik haber toplay\u0131c\u0131m\u0131zla haberdar olun ve sadece uygulamay\u0131 kullanarak kripto kazan\u0131n. Entegre kripto c\u00fczdan\u0131 ve borsas\u0131 ile uygulama, hareket halindeyken dijital varl\u0131klar\u0131n\u0131z\u0131 y\u00f6netmenize olanak tan\u0131r. \u015eimdi bize kat\u0131l\u0131n ve mesajla\u015fman\u0131n gelece\u011fini deneyimleyin!<\/p>\n<p><button type=\"button\" data-bs-toggle=\"collapse\" data-bs-target=\"#collapse-1992\" aria-expanded=\"false\" aria-controls=\"collapse-1992\"><br \/>\n2U.Chat'i di\u011fer mesajla\u015fma programlar\u0131ndan farkl\u0131 k\u0131lan nedir?\t\t\t\t\t<\/button><\/p>\n<p>2U.Chat \u00e7e\u015fitli y\u00f6nlerden benzersizdir:<\/p>\n<p><strong>Canl\u0131 Yapay Zeka \u00c7evirisi<\/strong>: Farkl\u0131 dilleri konu\u015fan ki\u015filerin birbirleriyle ileti\u015fim kurmas\u0131n\u0131 kolayla\u015ft\u0131ran mesajlar\u0131n ve g\u00f6r\u00fcnt\u00fcl\u00fc aramalar\u0131n canl\u0131 \u00e7evirisini sunar.<\/p>\n<p><strong>Haber Toplay\u0131c\u0131<\/strong>: Kullan\u0131c\u0131lara ilgi alanlar\u0131n\u0131za g\u00f6re en son haberleri ve bilgileri sa\u011flayan yapay zeka destekli yerle\u015fik bir haber toplay\u0131c\u0131ya sahiptir.<\/p>\n<p><strong>Jeton Kazanma<\/strong>: The app also allows users to earn tokens by using the app, which can be spent on the platform or withdrawn into any fiat currency. Each 2U user has an equal opportunity to profit from the 2U platform. But an earlier accession to us means more easily establishing your own business circle to get more dividends from 2U\u2019s rapid growth.<\/p>\n<p><strong>Entegre Kripto C\u00fczdan\u0131 ve Borsas\u0131<\/strong>: Uygulama, kullan\u0131c\u0131lar\u0131n kripto para birimlerini y\u00f6netmelerini ve takas etmelerini kolayla\u015ft\u0131ran entegre bir kripto c\u00fczdan\u0131na ve al\u0131\u015fveri\u015fine sahiptir.<\/p>\n<p><button type=\"button\" data-bs-toggle=\"collapse\" data-bs-target=\"#collapse-1993\" aria-expanded=\"false\" aria-controls=\"collapse-1993\"><br \/>\n2U.Chat'in vizyonu nedir?\t\t\t\t\t<\/button><\/p>\n<p>2U.Chat'in vizyonu, kar\u0131 do\u011fall\u0131ktan \u00e7\u0131karan ve insanlar\u0131n serveti payla\u015fmas\u0131 i\u00e7in giri\u015fimci bir hizmet platformu olu\u015fturan, a\u00e7\u0131kl\u0131\u011f\u0131, adaleti, payla\u015f\u0131m\u0131 ve b\u00fcy\u00fck \u00f6l\u00e7ekli i\u015fbirli\u011fini savunan kitlesel bir giri\u015fimci hizmet arac\u0131 olu\u015fturmakt\u0131r.<\/p>\n<p><button type=\"button\" data-bs-toggle=\"collapse\" data-bs-target=\"#collapse-1994\" aria-expanded=\"false\" aria-controls=\"collapse-1994\"><br \/>\n2U.Chat nas\u0131l indirilir ve kurulur?\t\t\t\t\t<\/button><\/p>\n<p>You can download 2U.Chat directly from the official website, the Apple Store, Google Play Market, or major application markets by searching for \u201c2U\u201d.<\/p>\n<p><button type=\"button\" data-bs-toggle=\"collapse\" data-bs-target=\"#collapse-1995\" aria-expanded=\"false\" aria-controls=\"collapse-1995\"><br \/>\n2U \u00fcyesi olarak nas\u0131l kay\u0131t olunur?\t\t\t\t\t<\/button><\/p>\n<p>2U uygulamas\u0131 arac\u0131l\u0131\u011f\u0131yla cep telefonu numaran\u0131z, e-postan\u0131z veya \u00fc\u00e7\u00fcnc\u00fc taraf kimli\u011finizle (Google, Facebook veya WeChat) ba\u011flant\u0131 kurarak 2U \u00fcyesi olarak kaydolabilirsiniz. Ayr\u0131ca ba\u015fkalar\u0131 taraf\u0131ndan payla\u015f\u0131lan bir 2U kay\u0131t sayfas\u0131 arac\u0131l\u0131\u011f\u0131yla da do\u011frudan kay\u0131t olabilirsiniz.<\/p>\n<p><button type=\"button\" data-bs-toggle=\"collapse\" data-bs-target=\"#collapse-1996\" aria-expanded=\"false\" aria-controls=\"collapse-1996\"><br \/>\n2U numaras\u0131 nedir? \t\t\t\t\t<\/button><\/p>\n<p>A 2U number is a unique ID on the 2U platform consisting of 11 numbers starting with \u201c211\u201d that is assigned to you after registration. It is used for any 2U application, such as shopping, booking air tickets and hotels, sending and receiving 2U emails, and even future 2U bank accounts.<\/p>\n<p><button type=\"button\" data-bs-toggle=\"collapse\" data-bs-target=\"#collapse-1997\" aria-expanded=\"false\" aria-controls=\"collapse-1997\"><br \/>\n2U Chat&#039;te nas\u0131l arkada\u015f bulabilirim ve ekleyebilirim?\t\t\t\t\t<\/button><\/p>\n<p>You can find and add friends in 2U Chat by searching for their name or phone number, or by scanning their QR code. Once they\u2019ve accepted your friend request, you can start messaging them.<\/p>\n<p><button type=\"button\" data-bs-toggle=\"collapse\" data-bs-target=\"#collapse-1998\" aria-expanded=\"false\" aria-controls=\"collapse-1998\"><br \/>\n2U.Chat nas\u0131l payla\u015f\u0131l\u0131r ve ba\u015fkalar\u0131 davet edilir?\t\t\t\t\t<\/button><\/p>\n<p>You can share 2U.Chat and invite others by clicking the \u201cShare\u201d button on the app\u2019s home page and sharing a registration page with your own invitation code through various means, such as text messages, pictures, QR codes, links, etc.<\/p>\n<p><button type=\"button\" data-bs-toggle=\"collapse\" data-bs-target=\"#collapse-1999\" aria-expanded=\"false\" aria-controls=\"collapse-1999\"><br \/>\n2U.Chat&#039;i kullanmak \u00fccretsiz mi?\t\t\t\t\t<\/button><\/p>\n<p>Evet, 2U.Chat&#039;i kullanmak tamamen \u00fccretsizdir, \u00fcstelik uygulamay\u0131 g\u00fcnl\u00fck olarak kullanarak para kazanabilirsiniz.<\/p>\n<h3>Kazan\u00e7<\/h3>\n<p><button type=\"button\" data-bs-toggle=\"collapse\" data-bs-target=\"#collapse-1751\" aria-expanded=\"true\" aria-controls=\"collapse-1751\"><br \/>\n2U.Chat kullanarak nas\u0131l kazanabilirim?\t\t\t\t\t<\/button><\/p>\n<p>T\u00fcm 2U kullan\u0131c\u0131lar\u0131, bir \u00e7evrimi\u00e7i ma\u011faza a\u00e7maya benzer gelirler veya bir t\u0131klamayla \u00e7ok daha fazlas\u0131n\u0131 elde edebilir, ancak sermayeye, fiziksel bir ma\u011fazaya veya mal tan\u0131t\u0131m\u0131na gerek yoktur, \u00e7\u00fcnk\u00fc platform ger\u00e7ek mal k\u00e2r\u0131 i\u00e7eri\u011fini i\u00e7erir ve modern finansal y\u00f6netimin i\u00e7eri\u011fi.<\/p>\n<p><button type=\"button\" data-bs-toggle=\"collapse\" data-bs-target=\"#collapse-1752\" aria-expanded=\"false\" aria-controls=\"collapse-1752\"><br \/>\n2U Puanlar\u0131 nedir?\t\t\t\t\t<\/button><\/p>\n<p>2U Puanlar\u0131, 2U.Chat payla\u015f\u0131m\u0131na kat\u0131lan, aktif olarak kullanan, promosyonlara ve di\u011fer etkinliklere kat\u0131lan kullan\u0131c\u0131lara 2U platformu taraf\u0131ndan sa\u011flanan \u00f6d\u00fcllerdir.<\/p>\n<p><button type=\"button\" data-bs-toggle=\"collapse\" data-bs-target=\"#collapse-1753\" aria-expanded=\"false\" aria-controls=\"collapse-1753\"><br \/>\n2U Noktalar\u0131 ne i\u015fe yarar?\t\t\t\t\t<\/button><\/p>\n<p>2U Puanlar\u0131, al\u0131\u015fveri\u015f indirimleri veya 2U Mall&#039;daki mal \u00f6demelerini do\u011frudan mahsup etmek veya istedi\u011finiz herhangi bir para biriminde \u00e7ekilebilen 2U Jetonlar\u0131 ile takas etmek gibi \u00e7e\u015fitli ama\u00e7lar i\u00e7in kullan\u0131labilir.<\/p>\n<p><button type=\"button\" data-bs-toggle=\"collapse\" data-bs-target=\"#collapse-1754\" aria-expanded=\"false\" aria-controls=\"collapse-1754\"><br \/>\n2U puanlar\u0131n\u0131 nas\u0131l alabilirim?\t\t\t\t\t<\/button><\/p>\n<ol>\n<li>Inviting new users to join the 2U platform (earning 0.4 2U points for each invited user) \u2013 the total quota for this is 1.92 billion 2U point).<\/li>\n<li>Ba\u015fkalar\u0131n\u0131 2U&#039;ya kat\u0131lmaya davet etme (davet edilen her kullan\u0131c\u0131 i\u00e7in 0,4 2U puan\u0131).<\/li>\n<li>Invitees inviting others to become 2U users (earning 0.08 2U points for each person invited) \u2013 a total of 1.08 billion 2U points are available.<\/li>\n<li>Art arda 300 g\u00fcn boyunca g\u00fcnl\u00fck 0,005 2U puan \u00f6d\u00fcl\u00fc almak, art arda 500 g\u00fcn i\u00e7in ikiye katlanmak (toplam miktar x2) ve art arda 900 g\u00fcn i\u00e7in tekrar ikiye katlanmak (toplam miktar x2x2).<\/li>\n<li>2U ile ilgili uygulamalar\u0131 ve hizmetleri kullan\u0131rken 2U puanlar\u0131 elde etme.<\/li>\n<li>Piyango kazanmak.<\/li>\n<li>Hay\u0131rsever, bar\u0131\u015f\u0131 te\u015fvik eden ve \u00e7evreye duyarl\u0131 giri\u015fimlere kat\u0131ld\u0131\u011f\u0131n\u0131z i\u00e7in \u00f6d\u00fcller almak.<\/li>\n<li>2U&#039;ya \u00f6nemli katk\u0131larda bulunan \u00e7ekirdek ekip veya pazarlama personeli olarak 2U puan\u0131 ile \u00f6d\u00fcllendirilmek.<\/li>\n<\/ol>\n<p>2U puanlar\u0131, 1:1 oran\u0131nda U2U madeni paralarla takas edilebilir ve bu takas geri al\u0131namaz.<\/p>\n<p><button type=\"button\" data-bs-toggle=\"collapse\" data-bs-target=\"#collapse-1755\" aria-expanded=\"false\" aria-controls=\"collapse-1755\"><br \/>\n2U Puanlar\u0131 arkada\u015flara hediye edilebilir veya takas edilebilir mi?\t\t\t\t\t<\/button><\/p>\n<p>\u015eu anda 2U Puanlar\u0131 transfer edilemez veya takas edilemez.<\/p>\n<p><button type=\"button\" data-bs-toggle=\"collapse\" data-bs-target=\"#collapse-1756\" aria-expanded=\"false\" aria-controls=\"collapse-1756\"><br \/>\nU2U belirteci nedir?\t\t\t\t\t<\/button><\/p>\n<p>U2U Token, sayg\u0131n borsalarda serbest\u00e7e al\u0131n\u0131p sat\u0131labilen bir dijital varl\u0131kt\u0131r. U2U Platformu, kullan\u0131c\u0131 taban\u0131n\u0131 ve i\u015f ortakl\u0131klar\u0131n\u0131 geni\u015flettik\u00e7e, U2U Token sahipleri, platform hizmetlerini sunarken \u00e7e\u015fitli avantajlar elde etmeyi bekleyebilirler. Ayr\u0131ca platform, U2U Token de\u011ferini art\u0131rmas\u0131 beklenen token takas\u0131na izin vermek i\u00e7in STO varl\u0131klar\u0131yla i\u015fbirli\u011fi yapmay\u0131 planl\u0131yor.<\/p>\n<p><button type=\"button\" data-bs-toggle=\"collapse\" data-bs-target=\"#collapse-1757\" aria-expanded=\"false\" aria-controls=\"collapse-1757\"><br \/>\n2U Puanlar\u0131 nakde \u00e7evirmek m\u00fcmk\u00fcn m\u00fc?\t\t\t\t\t<\/button><\/p>\n<p>Evet, 2U madeni paralar bir ticaret piyasas\u0131nda listelendikten sonra nakde \u00e7evrilebilir. 2U kullan\u0131c\u0131lar\u0131 taraf\u0131ndan kazan\u0131lan kar, Varl\u0131klar b\u00f6l\u00fcm\u00fcnde 2U Puanlar\u0131 \u015feklinde g\u00f6sterilir. Bu madeni paralar, 2U Mall&#039;da mal ve hizmet sat\u0131n almak i\u00e7in kullan\u0131labilir ve bir ticaret piyasas\u0131nda mevcut olduklar\u0131nda nakit ile takas edilebilir.<\/p>\n<h3>G\u00fcvenlik<\/h3>\n<p><button type=\"button\" data-bs-toggle=\"collapse\" data-bs-target=\"#collapse-2491\" aria-expanded=\"true\" aria-controls=\"collapse-2491\"><br \/>\n2U.Chat&#039;teki veriler ne kadar g\u00fcvenli?\t\t\t\t\t<\/button><\/p>\n<p>Evet, 2U.Chat g\u00fcvenlik d\u00fc\u015f\u00fcn\u00fclerek tasarlanm\u0131\u015ft\u0131r ve kullan\u0131c\u0131 verilerini ve ileti\u015fimlerini korumak i\u00e7in en son \u015fifreleme teknolojilerini kullan\u0131r. Uygulama, kullan\u0131c\u0131 verilerinin g\u00fcvenli\u011fini ve gizlili\u011fini sa\u011flamak i\u00e7in d\u00fczenli g\u00fcvenlik denetimlerinden ge\u00e7er.<\/p>\n<p><button type=\"button\" data-bs-toggle=\"collapse\" data-bs-target=\"#collapse-2492\" aria-expanded=\"false\" aria-controls=\"collapse-2492\"><br \/>\nKi\u015fisel bilgilerim 2U.Chat&#039;te nas\u0131l korunuyor?\t\t\t\t\t<\/button><\/p>\n<p>2U.Chat, ki\u015fisel bilgiler de dahil olmak \u00fczere t\u00fcm kullan\u0131c\u0131 verilerini aktar\u0131m s\u0131ras\u0131nda ve beklemedeyken \u015fifreler. Uygulama ayr\u0131ca, kullan\u0131c\u0131 verilerini yetkisiz eri\u015fime, h\u0131rs\u0131zl\u0131\u011fa veya kayba kar\u015f\u0131 korumak i\u00e7in geli\u015fmi\u015f g\u00fcvenlik \u00f6nlemleri kullan\u0131r.<\/p>\n<p><button type=\"button\" data-bs-toggle=\"collapse\" data-bs-target=\"#collapse-2493\" aria-expanded=\"false\" aria-controls=\"collapse-2493\"><br \/>\n2U.Chat verilerimi \u00fc\u00e7\u00fcnc\u00fc \u015fah\u0131slarla payla\u015f\u0131yor mu?\t\t\t\t\t<\/button><\/p>\n<p>Hay\u0131r, 2U.Chat uygulamas\u0131, kullan\u0131c\u0131n\u0131n a\u00e7\u0131k izni olmadan kullan\u0131c\u0131 verilerini \u00fc\u00e7\u00fcnc\u00fc taraflarla payla\u015fmaz. Kullan\u0131c\u0131 verilerinin \u00fc\u00e7\u00fcnc\u00fc taraflarla her t\u00fcrl\u00fc payla\u015f\u0131m\u0131, y\u00fcr\u00fcrl\u00fckteki yasa ve d\u00fczenlemelere uygun olarak yap\u0131l\u0131r.<\/p>\n<p><button type=\"button\" data-bs-toggle=\"collapse\" data-bs-target=\"#collapse-2494\" aria-expanded=\"false\" aria-controls=\"collapse-2494\"><br \/>\n2U.Chat, bilgisayar korsanl\u0131\u011f\u0131n\u0131 veya kullan\u0131c\u0131 verilerine yetkisiz eri\u015fimi \u00f6nlemek i\u00e7in hangi \u00f6nlemleri al\u0131yor?\t\t\t\t\t<\/button><\/p>\n<p>2U Sohbet Uygulamas\u0131, \u015fifreleme ve d\u00fczenli g\u00fcvenlik denetimleri de dahil olmak \u00fczere, kullan\u0131c\u0131 verilerine bilgisayar korsanl\u0131\u011f\u0131n\u0131 ve yetkisiz eri\u015fimi \u00f6nlemek i\u00e7in bir dizi g\u00fcvenlik \u00f6nlemi kullan\u0131r. Bu uygulama ayn\u0131 zamanda kullan\u0131c\u0131lar\u0131, verilerini daha fazla korumak i\u00e7in parola g\u00fcvenli\u011fine y\u00f6nelik en iyi uygulamalar\u0131 benimsemeye te\u015fvik eder.<\/p>\n<p><button type=\"button\" data-bs-toggle=\"collapse\" data-bs-target=\"#collapse-2495\" aria-expanded=\"false\" aria-controls=\"collapse-2495\"><br \/>\n2U Chat Uygulamas\u0131ndan ki\u015fisel bilgilerimi silebilir miyim?\t\t\t\t\t<\/button><\/p>\n<p>Yes, you can delete your 2U Chat account by going to the app\u2019s settings and selecting the \u201cDelete Account\u201d option. Once your account is deleted, all of your data will be permanently removed from the app.<\/p>\n<h3>\u00d6zellikler<\/h3>\n<p><button type=\"button\" data-bs-toggle=\"collapse\" data-bs-target=\"#collapse-2711\" aria-expanded=\"true\" aria-controls=\"collapse-2711\"><br \/>\nAn\u0131nda \u00e7eviri \u00f6zelli\u011fini nas\u0131l kullanabilirim?\t\t\t\t\t<\/button><\/p>\n<p>Sohbet oturumunda sa\u011f \u00fcst k\u00f6\u015fedeki \u00e7eviri simgesine t\u0131klay\u0131p \u00e7eviri i\u00e7in y\u00f6ntem, hedef dil ve g\u00f6r\u00fcnt\u00fcleme se\u00e7eneklerini ayarlayarak an\u0131nda \u00e7eviri \u00f6zelli\u011fini kullanabilirsiniz.<\/p>\n<p>Bunun d\u0131\u015f\u0131nda, konu\u015fman\u0131z\u0131 arama al\u0131c\u0131s\u0131n\u0131n diline \u00e7evirecek bir sesli arama \u00e7evirmeni etkinle\u015ftirebilirsiniz.<\/p>\n<p><button type=\"button\" data-bs-toggle=\"collapse\" data-bs-target=\"#collapse-2712\" aria-expanded=\"false\" aria-controls=\"collapse-2712\"><br \/>\nSesli ve g\u00f6r\u00fcnt\u00fcl\u00fc aramalar\u0131 nas\u0131l yapabilirim? \u00dccretsiz mi?\t\t\t\t\t<\/button><\/p>\n<p>Alt k\u0131s\u0131mdaki k\u0131sayol butonu ikonunu kullanarak Chat oturumunda sesli ve g\u00f6r\u00fcnt\u00fcl\u00fc g\u00f6r\u00fc\u015fme yapabilirsiniz. \u015eu anda, bu hizmet \u00fccretsizdir.<\/p>\n<p><button type=\"button\" data-bs-toggle=\"collapse\" data-bs-target=\"#collapse-2713\" aria-expanded=\"false\" aria-controls=\"collapse-2713\"><br \/>\n2U Terc\u00fcman nedir? Bu nas\u0131l kullan\u0131l\u0131r?\t\t\t\t\t<\/button><\/p>\n<p>2U Terc\u00fcman, 2U.Chat&#039;e entegre edilen ve \u00e7o\u011funlukla sesli \u00e7eviri i\u00e7in kullan\u0131lan 2U uygulamalar\u0131ndan bir di\u011feridir. 2U Terc\u00fcman \u015fu anda 18 dili desteklemektedir ve gelecekte daha fazla dil eklenecektir. 2U \u201cKe\u015ffet\u201d b\u00f6l\u00fcm\u00fcn\u00fc bulabilir ve do\u011frudan kullanabilirsiniz.<\/p>\n<h3>Ekosistem<\/h3>\n<p><button type=\"button\" data-bs-toggle=\"collapse\" data-bs-target=\"#collapse-1081\" aria-expanded=\"true\" aria-controls=\"collapse-1081\"><br \/>\n2U Uygulamalar\u0131 nedir?\t\t\t\t\t<\/button><\/p>\n<p>2U Uygulamalar\u0131, 2U platform ekosisteminde bir araya gelen bir dizi mobil ve teknoloji uygulamas\u0131d\u0131r. Mevcut geli\u015ftirme, 2U.Chat, 2U.Mall, 2U.Headlines, 2U.Interpreter, 2U.Assets, 2U.HealthProducts ve Lithium Battery Technology&#039;yi i\u00e7erir.<\/p>\n<p><button type=\"button\" data-bs-toggle=\"collapse\" data-bs-target=\"#collapse-1082\" aria-expanded=\"false\" aria-controls=\"collapse-1082\"><br \/>\n2U Uygulamalar\u0131 ile 2U Sohbet aras\u0131ndaki ili\u015fki nedir?\t\t\t\t\t<\/button><\/p>\n<p>2U, insanlar aras\u0131nda a\u00e7\u0131kl\u0131\u011f\u0131, adaleti, payla\u015f\u0131m\u0131 ve i\u015fbirli\u011fini destekleyen bir platformdur. Hayat\u0131n her alan\u0131na hizmet eden ve sorunsuz bir deneyim sa\u011flayan 2UApps olarak adland\u0131r\u0131lan 36 farkl\u0131 uygulamay\u0131 i\u00e7erir. 2U Chat, 2UApps&#039;in bir par\u00e7as\u0131d\u0131r ve yerle\u015fik metin ve sesli \u00e7eviriye sahip, zengin \u00f6zellikli ve ak\u0131ll\u0131 bir mesajla\u015fma yaz\u0131l\u0131m\u0131d\u0131r. Kullan\u0131c\u0131lar\u0131n kendi i\u015f platformlar\u0131n\u0131 kolayca olu\u015fturmalar\u0131na olanak tan\u0131r.<\/p>\n<p><button type=\"button\" data-bs-toggle=\"collapse\" data-bs-target=\"#collapse-1083\" aria-expanded=\"false\" aria-controls=\"collapse-1083\"><br \/>\n2U Uygulamalar\u0131 hangi sekt\u00f6rleri kapsamay\u0131 planl\u0131yor?\t\t\t\t\t<\/button><\/p>\n<p>Halihaz\u0131rda \u00e7evrim i\u00e7i olan 2UChat, 2U Mall, 2U Headlines, 2U Interpreter, 2U Assets vb.&#039;ye ek olarak, 2U Apps&#039;ta gelecekte birbiri ard\u0131na piyasaya s\u00fcr\u00fclecek \u015fekilde tasarlanm\u0131\u015f 36 farkl\u0131 uygulama bulunmaktad\u0131r. Bu kategorilere ayr\u0131lm\u0131\u015ft\u0131r:<\/p>\n<ul>\n<li>Hizmet (2U Al\u0131\u015fveri\u015f Merkezi, 2U \u0130\u015fe Al\u0131m, 2U Seyahat gibi)<\/li>\n<li>\u00c7evre Koruma (2U Sa\u011fl\u0131k, 2U Medikal, 2U \u00c7evresel Alg\u0131lama gibi)<\/li>\n<li>Yapay Zeka (2U Ak\u0131ll\u0131 Ev, 2U \u015earj, 2U IoT)<\/li>\n<li>Bilgi (2U Haber, 2U Reklam, 2U Ki\u015fisel Ana Sayfa)<\/li>\n<li>Ofis (2U Terc\u00fcman, 2U Uzak Toplant\u0131, 2U Uzak Ofis)<\/li>\n<li>E\u011flence (2U Canl\u0131 Yay\u0131n, 2U Oyunlar, 2U Hi Hi)<\/li>\n<li>Finansal (2U Servet, 2U Banka, 2U Sigorta)<\/li>\n<\/ul>\n<p><button type=\"button\" data-bs-toggle=\"collapse\" data-bs-target=\"#collapse-1084\" aria-expanded=\"false\" aria-controls=\"collapse-1084\"><br \/>\n2U Uygulamalar\u0131ndaki herhangi bir uygulamada 2U Hesab\u0131 ile oturum a\u00e7abilir miyim?\t\t\t\t\t<\/button><\/p>\n<p>2U number is your unique ID on the entire 2U platform. It can be used&nbsp;for any 2U application, such as shopping, booking air tickets and hotels, sending and receiving 2U emails, and even future 2U bank accounts.<\/p>\n<p><button type=\"button\" data-bs-toggle=\"collapse\" data-bs-target=\"#collapse-1085\" aria-expanded=\"false\" aria-controls=\"collapse-1085\"><br \/>\n2U Hesab\u0131m t\u00fcm 2U Uygulamalar\u0131 i\u00e7in ge\u00e7erli mi? \t\t\t\t\t<\/button><\/p>\n<p>Evet, 2U Numaran\u0131z t\u00fcm 2U platformu i\u00e7in benzersiz bir kimliktir ve al\u0131\u015fveri\u015f, u\u00e7ak bileti ve otel rezervasyonu, 2U e-posta g\u00f6nderip alma ve hatta gelecekteki 2U banka hesaplar\u0131na eri\u015fme dahil olmak \u00fczere t\u00fcm 2U uygulamalar\u0131nda kullanman\u0131za olanak tan\u0131r.<\/p>\n<p><button type=\"button\" data-bs-toggle=\"collapse\" data-bs-target=\"#collapse-1086\" aria-expanded=\"false\" aria-controls=\"collapse-1086\"><br \/>\n2U Varl\u0131klar\u0131 nedir?\t\t\t\t\t<\/button><\/p>\n<p>2U Assets is a feature within the 2U platform that lets you manage your digital assets. This includes 2U points, A2U\/Kubao, growth value, 2U level, human contribution index, and the number of people in your first and second circle. You can access 2U Fortune in the \u201cExplore\u201d section and use it directly. If you are in an on-mainland area and if allowed by your home country\u2019s laws, 2U Assets will also show you information on your U2U, 2UT, current price, and mutual exchange functions.<\/p>\n<p><button type=\"button\" data-bs-toggle=\"collapse\" data-bs-target=\"#collapse-1087\" aria-expanded=\"false\" aria-controls=\"collapse-1087\"><br \/>\n2U Ba\u015fl\u0131klar\u0131 nedir?\t\t\t\t\t<\/button><\/p>\n<p>2U Headlines, d\u00fcnyan\u0131n her yerinden ve b\u00f6lgenizden ger\u00e7ek zamanl\u0131 haber ve bilgiler sunan bir 2U platform uygulamas\u0131d\u0131r. 2U Ba\u015fl\u0131klar\u0131nda sevdi\u011finiz kanallara abone olabilir veya kendi self-medya kanallar\u0131n\u0131z\u0131 olu\u015fturabilirsiniz. Gelecekte, 2U Ba\u015fl\u0131klar\u0131 i\u00e7erik \u00fcretimi i\u00e7in \u00f6d\u00fcller ve di\u011fer te\u015fvikler sunacak. 2U Ke\u015ffet b\u00f6l\u00fcm\u00fcnde bulunabilir ve do\u011frudan kullan\u0131labilir.<\/p>\n<p><button type=\"button\" data-bs-toggle=\"collapse\" data-bs-target=\"#collapse-1088\" aria-expanded=\"false\" aria-controls=\"collapse-1088\"><br \/>\n2U Anlar\u0131 nedir?\t\t\t\t\t<\/button><\/p>\n<p>2U Moments is a feature within the 2U platform that allows you to share and publish text, pictures, videos, recordings, and even third-party content with 2U users worldwide or with your friends. You can access it in the \u201cExplore\u201d section of the 2U app.<\/p>","protected":false},"excerpt":{"rendered":"<p>Onboarding What is 2U.Chat? 2U.Chat is the super app, all-in-one messaging app that revolutionizes the way you communicate globally. Our innovative app features built-in text and voice live AI translation, making it easy to have conversations with anyone, anywhere in the world. Stay informed with our built-in news aggregator, and earn crypto just by using [&hellip;]<\/p>","protected":false},"author":1,"featured_media":0,"parent":0,"menu_order":0,"comment_status":"closed","ping_status":"closed","template":"","meta":{"_eb_attr":""},"acf":[],"_links":{"self":[{"href":"https:\/\/2u.chat\/tr\/wp-json\/wp\/v2\/pages\/6682"}],"collection":[{"href":"https:\/\/2u.chat\/tr\/wp-json\/wp\/v2\/pages"}],"about":[{"href":"https:\/\/2u.chat\/tr\/wp-json\/wp\/v2\/types\/page"}],"author":[{"embeddable":true,"href":"https:\/\/2u.chat\/tr\/wp-json\/wp\/v2\/users\/1"}],"replies":[{"embeddable":true,"href":"https:\/\/2u.chat\/tr\/wp-json\/wp\/v2\/comments?post=6682"}],"version-history":[{"count":66,"href":"https:\/\/2u.chat\/tr\/wp-json\/wp\/v2\/pages\/6682\/revisions"}],"predecessor-version":[{"id":7085,"href":"https:\/\/2u.chat\/tr\/wp-json\/wp\/v2\/pages\/6682\/revisions\/7085"}],"wp:attachment":[{"href":"https:\/\/2u.chat\/tr\/wp-json\/wp\/v2\/media?parent=6682"}],"curies":[{"name":"wp","href":"https:\/\/api.w.org\/{rel}","templated":true}]}}